{"id":7630,"date":"2023-06-13T14:23:29","date_gmt":"2023-06-13T14:23:29","guid":{"rendered":"https:\/\/seniorcrafts.nkey.it\/contact\/"},"modified":"2023-07-13T13:15:32","modified_gmt":"2023-07-13T13:15:32","slug":"contact","status":"publish","type":"page","link":"https:\/\/seniorcrafts.nkey.it\/pl\/contact\/","title":{"rendered":"Kontakty"},"content":{"rendered":"\t\t<div data-elementor-type=\"wp-page\" data-elementor-id=\"7630\" class=\"elementor elementor-7630 elementor-6598\" data-elementor-post-type=\"page\">\n\t\t\t\t<div class=\"elementor-element elementor-element-37a4d1d e-flex e-con-boxed e-con e-parent\" data-id=\"37a4d1d\" data-element_type=\"container\">\n\t\t\t\t\t<div class=\"e-con-inner\">\n\t\t<div class=\"elementor-element elementor-element-974a092 e-con-full e-flex e-con e-parent\" data-id=\"974a092\" data-element_type=\"container\">\n\t\t\t\t<div class=\"elementor-element elementor-element-29a5ac9 elementor-align-center elementor-widget elementor-widget-lottie\" data-id=\"29a5ac9\" data-element_type=\"widget\" data-settings=\"{&quot;source_json&quot;:{&quot;url&quot;:&quot;https:\\\/\\\/assets2.lottiefiles.com\\\/packages\\\/lf20_zj3qnsfs.json&quot;,&quot;id&quot;:&quot;&quot;,&quot;size&quot;:&quot;&quot;,&quot;source&quot;:&quot;url&quot;},&quot;source&quot;:&quot;media_file&quot;,&quot;caption_source&quot;:&quot;none&quot;,&quot;link_to&quot;:&quot;none&quot;,&quot;trigger&quot;:&quot;arriving_to_viewport&quot;,&quot;viewport&quot;:{&quot;unit&quot;:&quot;%&quot;,&quot;size&quot;:&quot;&quot;,&quot;sizes&quot;:{&quot;start&quot;:0,&quot;end&quot;:100}},&quot;play_speed&quot;:{&quot;unit&quot;:&quot;px&quot;,&quot;size&quot;:1,&quot;sizes&quot;:[]},&quot;start_point&quot;:{&quot;unit&quot;:&quot;%&quot;,&quot;size&quot;:0,&quot;sizes&quot;:[]},&quot;end_point&quot;:{&quot;unit&quot;:&quot;%&quot;,&quot;size&quot;:100,&quot;sizes&quot;:[]},&quot;renderer&quot;:&quot;svg&quot;}\" data-widget_type=\"lottie.default\">\n\t\t\t\t<div class=\"elementor-widget-container\">\n\t\t\t\t\t<div class=\"e-lottie__container\"><div class=\"e-lottie__animation\"><\/div><\/div>\t\t\t\t<\/div>\n\t\t\t\t<\/div>\n\t\t\t\t<\/div>\n\t\t<div class=\"elementor-element elementor-element-f2841de e-con-full e-flex e-con e-parent\" data-id=\"f2841de\" data-element_type=\"container\">\n\t\t\t\t<div class=\"elementor-element elementor-element-86ec1df elementor-widget elementor-widget-heading\" data-id=\"86ec1df\" data-element_type=\"widget\" data-widget_type=\"heading.default\">\n\t\t\t\t<div class=\"elementor-widget-container\">\n\t\t\t\t\t<h2 class=\"elementor-heading-title elementor-size-default\">Wy\u015blij nam wiadomo\u015b\u0107<\/h2>\t\t\t\t<\/div>\n\t\t\t\t<\/div>\n\t\t\t\t<div class=\"elementor-element elementor-element-01fb22a elementor-widget elementor-widget-text-editor\" data-id=\"01fb22a\" data-element_type=\"widget\" data-widget_type=\"text-editor.default\">\n\t\t\t\t<div class=\"elementor-widget-container\">\n\t\t\t\t\t\t\t\t\t<p>Wype\u0142nij ten formularz, aby skontaktowa\u0107 si\u0119&nbsp;z&nbsp;nami.<\/p>\n\t\t\t\t\t\t\t\t<\/div>\n\t\t\t\t<\/div>\n\t\t\t\t<div class=\"elementor-element elementor-element-3c80eaf elementor-button-align-stretch elementor-widget elementor-widget-form\" data-id=\"3c80eaf\" data-element_type=\"widget\" data-settings=\"{&quot;step_next_label&quot;:&quot;Nast\\u0119pny&quot;,&quot;step_previous_label&quot;:&quot;Poprzedni&quot;,&quot;button_width&quot;:&quot;100&quot;,&quot;step_type&quot;:&quot;number_text&quot;,&quot;step_icon_shape&quot;:&quot;circle&quot;}\" data-widget_type=\"form.default\">\n\t\t\t\t<div class=\"elementor-widget-container\">\n\t\t\t\t\t\t\t<form class=\"elementor-form\" method=\"post\" name=\"Kontakty\">\n\t\t\t<input type=\"hidden\" name=\"post_id\" value=\"7630\"\/>\n\t\t\t<input type=\"hidden\" name=\"form_id\" value=\"3c80eaf\"\/>\n\t\t\t<input type=\"hidden\" name=\"referer_title\" value=\"ArITsan\" \/>\n\n\t\t\t\n\t\t\t<div class=\"elementor-form-fields-wrapper elementor-labels-above\">\n\t\t\t\t\t\t\t\t<div class=\"elementor-field-type-text elementor-field-group elementor-column elementor-field-group-name elementor-col-100 elementor-field-required elementor-mark-required\">\n\t\t\t\t\t\t\t\t\t\t\t\t<label for=\"form-field-name\" class=\"elementor-field-label\">\n\t\t\t\t\t\t\t\tNazwa\t\t\t\t\t\t\t<\/label>\n\t\t\t\t\t\t\t\t\t\t\t\t\t\t<input size=\"1\" type=\"text\" name=\"form_fields[name]\" id=\"form-field-name\" class=\"elementor-field elementor-size-sm  elementor-field-textual\" placeholder=\"Nazwa\" required=\"required\">\n\t\t\t\t\t\t\t\t\t\t\t<\/div>\n\t\t\t\t\t\t\t\t<div class=\"elementor-field-type-email elementor-field-group elementor-column elementor-field-group-email elementor-col-100 elementor-field-required elementor-mark-required\">\n\t\t\t\t\t\t\t\t\t\t\t\t<label for=\"form-field-email\" class=\"elementor-field-label\">\n\t\t\t\t\t\t\t\tEmail\t\t\t\t\t\t\t<\/label>\n\t\t\t\t\t\t\t\t\t\t\t\t\t\t<input size=\"1\" type=\"email\" name=\"form_fields[email]\" id=\"form-field-email\" class=\"elementor-field elementor-size-sm  elementor-field-textual\" placeholder=\"Email\" required=\"required\">\n\t\t\t\t\t\t\t\t\t\t\t<\/div>\n\t\t\t\t\t\t\t\t<div class=\"elementor-field-type-textarea elementor-field-group elementor-column elementor-field-group-message elementor-col-100\">\n\t\t\t\t\t\t\t\t\t\t\t\t<label for=\"form-field-message\" class=\"elementor-field-label\">\n\t\t\t\t\t\t\t\tMessage\t\t\t\t\t\t\t<\/label>\n\t\t\t\t\t\t<textarea class=\"elementor-field-textual elementor-field  elementor-size-sm\" name=\"form_fields[message]\" id=\"form-field-message\" rows=\"4\" placeholder=\"Message\"><\/textarea>\t\t\t\t<\/div>\n\t\t\t\t\t\t\t\t<div class=\"elementor-field-type-recaptcha_v3 elementor-field-group elementor-column elementor-field-group-field_40d747a elementor-col-100 recaptcha_v3-bottomright\">\n\t\t\t\t\t<div class=\"elementor-field\" id=\"form-field-field_40d747a\"><div class=\"elementor-g-recaptcha\" data-sitekey=\"6LeR_7cmAAAAAN7PiNhXy9h4PVOEOP8Wz1pwV_To\" data-type=\"v3\" data-action=\"Form\" data-badge=\"bottomright\" data-size=\"invisible\"><\/div><\/div>\t\t\t\t<\/div>\n\t\t\t\t\t\t\t\t<div class=\"elementor-field-type-acceptance elementor-field-group elementor-column elementor-field-group-acceptance elementor-col-100 elementor-field-required elementor-mark-required\">\n\t\t\t\t\t\t\t<div class=\"elementor-field-subgroup\">\n\t\t\t<span class=\"elementor-field-option\">\n\t\t\t\t<input type=\"checkbox\" name=\"form_fields[acceptance]\" id=\"form-field-acceptance\" class=\"elementor-field elementor-size-sm  elementor-acceptance-field\" required=\"required\">\n\t\t\t\t<label for=\"form-field-acceptance\">Wyra\u017cam zgod\u0119 na przechowywanie moich danych zgodnie z wytycznymi naszej<a href=\"https:\/\/seniorcrafts.nkey.it\/pl\/privacy-policy\/\">Polityki prywatno\u015bci *<\/a><\/label>\t\t\t<\/span>\n\t\t<\/div>\n\t\t\t\t\t\t<\/div>\n\t\t\t\t\t\t\t\t<div class=\"elementor-field-group elementor-column elementor-field-type-submit elementor-col-100 e-form__buttons\">\n\t\t\t\t\t<button class=\"elementor-button elementor-size-sm\" type=\"submit\">\n\t\t\t\t\t\t<span class=\"elementor-button-content-wrapper\">\n\t\t\t\t\t\t\t\t\t\t\t\t\t\t\t\t\t\t\t\t\t\t<span class=\"elementor-button-text\">WY\u015aLIJ WIADOMO\u015a\u0106<\/span>\n\t\t\t\t\t\t\t\t\t\t\t\t\t<\/span>\n\t\t\t\t\t<\/button>\n\t\t\t\t<\/div>\n\t\t\t<\/div>\n\t\t<\/form>\n\t\t\t\t\t\t<\/div>\n\t\t\t\t<\/div>\n\t\t\t\t<\/div>\n\t\t\t\t\t<\/div>\n\t\t\t\t<\/div>\n\t\t\t\t<\/div>\n\t\t","protected":false},"excerpt":{"rendered":"<p>Wy\u015blij nam wiadomo\u015b\u0107 Wype\u0142nij ten formularz, aby skontaktowa\u0107 si\u0119&nbsp;z&nbsp;nami.<\/p>\n","protected":false},"author":1,"featured_media":0,"parent":0,"menu_order":0,"comment_status":"closed","ping_status":"closed","template":"","meta":{"_acf_changed":false,"footnotes":""},"class_list":["post-7630","page","type-page","status-publish","hentry"],"acf":[],"yoast_head":"<!-- This site is optimized with the Yoast SEO plugin v25.2 - https:\/\/yoast.com\/wordpress\/plugins\/seo\/ -->\n<title>Kontakty - ArITsan<\/title>\n<meta name=\"robots\" content=\"index, follow, max-snippet:-1, max-image-preview:large, max-video-preview:-1\" \/>\n<link rel=\"canonical\" href=\"https:\/\/seniorcrafts.nkey.it\/pl\/contact\/\" \/>\n<meta property=\"og:locale\" content=\"pl_PL\" \/>\n<meta property=\"og:type\" content=\"article\" \/>\n<meta property=\"og:title\" content=\"Kontakty - ArITsan\" \/>\n<meta property=\"og:description\" content=\"Wy\u015blij nam wiadomo\u015b\u0107 Wype\u0142nij ten formularz, aby skontaktowa\u0107 si\u0119&nbsp;z&nbsp;nami.\" \/>\n<meta property=\"og:url\" content=\"https:\/\/seniorcrafts.nkey.it\/pl\/contact\/\" \/>\n<meta property=\"og:site_name\" content=\"ArITsan\" \/>\n<meta property=\"article:modified_time\" content=\"2023-07-13T13:15:32+00:00\" \/>\n<meta name=\"twitter:card\" content=\"summary_large_image\" \/>\n<script type=\"application\/ld+json\" class=\"yoast-schema-graph\">{\"@context\":\"https:\/\/schema.org\",\"@graph\":[{\"@type\":\"WebPage\",\"@id\":\"https:\/\/seniorcrafts.nkey.it\/pl\/contact\/\",\"url\":\"https:\/\/seniorcrafts.nkey.it\/pl\/contact\/\",\"name\":\"Kontakty - ArITsan\",\"isPartOf\":{\"@id\":\"https:\/\/seniorcrafts.nkey.it\/#website\"},\"datePublished\":\"2023-06-13T14:23:29+00:00\",\"dateModified\":\"2023-07-13T13:15:32+00:00\",\"breadcrumb\":{\"@id\":\"https:\/\/seniorcrafts.nkey.it\/pl\/contact\/#breadcrumb\"},\"inLanguage\":\"pl-PL\",\"potentialAction\":[{\"@type\":\"ReadAction\",\"target\":[\"https:\/\/seniorcrafts.nkey.it\/pl\/contact\/\"]}]},{\"@type\":\"BreadcrumbList\",\"@id\":\"https:\/\/seniorcrafts.nkey.it\/pl\/contact\/#breadcrumb\",\"itemListElement\":[{\"@type\":\"ListItem\",\"position\":1,\"name\":\"Home\",\"item\":\"https:\/\/seniorcrafts.nkey.it\/\"},{\"@type\":\"ListItem\",\"position\":2,\"name\":\"Kontakty\"}]},{\"@type\":\"WebSite\",\"@id\":\"https:\/\/seniorcrafts.nkey.it\/#website\",\"url\":\"https:\/\/seniorcrafts.nkey.it\/\",\"name\":\"ArITsan\",\"description\":\"Tell your story and promote your craft on the ArITsan digital archive.\",\"publisher\":{\"@id\":\"https:\/\/seniorcrafts.nkey.it\/#organization\"},\"alternateName\":\"ArITsan digital archive\",\"potentialAction\":[{\"@type\":\"SearchAction\",\"target\":{\"@type\":\"EntryPoint\",\"urlTemplate\":\"https:\/\/seniorcrafts.nkey.it\/?s={search_term_string}\"},\"query-input\":{\"@type\":\"PropertyValueSpecification\",\"valueRequired\":true,\"valueName\":\"search_term_string\"}}],\"inLanguage\":\"pl-PL\"},{\"@type\":\"Organization\",\"@id\":\"https:\/\/seniorcrafts.nkey.it\/#organization\",\"name\":\"ArITsan\",\"url\":\"https:\/\/seniorcrafts.nkey.it\/\",\"logo\":{\"@type\":\"ImageObject\",\"inLanguage\":\"pl-PL\",\"@id\":\"https:\/\/seniorcrafts.nkey.it\/#\/schema\/logo\/image\/\",\"url\":\"https:\/\/seniorcrafts.nkey.it\/wp-content\/uploads\/2022\/11\/ArITsan-logo.webp\",\"contentUrl\":\"https:\/\/seniorcrafts.nkey.it\/wp-content\/uploads\/2022\/11\/ArITsan-logo.webp\",\"width\":338,\"height\":210,\"caption\":\"ArITsan\"},\"image\":{\"@id\":\"https:\/\/seniorcrafts.nkey.it\/#\/schema\/logo\/image\/\"}}]}<\/script>\n<!-- \/ Yoast SEO plugin. -->","yoast_head_json":{"title":"Kontakty - ArITsan","robots":{"index":"index","follow":"follow","max-snippet":"max-snippet:-1","max-image-preview":"max-image-preview:large","max-video-preview":"max-video-preview:-1"},"canonical":"https:\/\/seniorcrafts.nkey.it\/pl\/contact\/","og_locale":"pl_PL","og_type":"article","og_title":"Kontakty - ArITsan","og_description":"Wy\u015blij nam wiadomo\u015b\u0107 Wype\u0142nij ten formularz, aby skontaktowa\u0107 si\u0119&nbsp;z&nbsp;nami.","og_url":"https:\/\/seniorcrafts.nkey.it\/pl\/contact\/","og_site_name":"ArITsan","article_modified_time":"2023-07-13T13:15:32+00:00","twitter_card":"summary_large_image","schema":{"@context":"https:\/\/schema.org","@graph":[{"@type":"WebPage","@id":"https:\/\/seniorcrafts.nkey.it\/pl\/contact\/","url":"https:\/\/seniorcrafts.nkey.it\/pl\/contact\/","name":"Kontakty - ArITsan","isPartOf":{"@id":"https:\/\/seniorcrafts.nkey.it\/#website"},"datePublished":"2023-06-13T14:23:29+00:00","dateModified":"2023-07-13T13:15:32+00:00","breadcrumb":{"@id":"https:\/\/seniorcrafts.nkey.it\/pl\/contact\/#breadcrumb"},"inLanguage":"pl-PL","potentialAction":[{"@type":"ReadAction","target":["https:\/\/seniorcrafts.nkey.it\/pl\/contact\/"]}]},{"@type":"BreadcrumbList","@id":"https:\/\/seniorcrafts.nkey.it\/pl\/contact\/#breadcrumb","itemListElement":[{"@type":"ListItem","position":1,"name":"Home","item":"https:\/\/seniorcrafts.nkey.it\/"},{"@type":"ListItem","position":2,"name":"Kontakty"}]},{"@type":"WebSite","@id":"https:\/\/seniorcrafts.nkey.it\/#website","url":"https:\/\/seniorcrafts.nkey.it\/","name":"ArITsan","description":"Tell your story and promote your craft on the ArITsan digital archive.","publisher":{"@id":"https:\/\/seniorcrafts.nkey.it\/#organization"},"alternateName":"ArITsan digital archive","potentialAction":[{"@type":"SearchAction","target":{"@type":"EntryPoint","urlTemplate":"https:\/\/seniorcrafts.nkey.it\/?s={search_term_string}"},"query-input":{"@type":"PropertyValueSpecification","valueRequired":true,"valueName":"search_term_string"}}],"inLanguage":"pl-PL"},{"@type":"Organization","@id":"https:\/\/seniorcrafts.nkey.it\/#organization","name":"ArITsan","url":"https:\/\/seniorcrafts.nkey.it\/","logo":{"@type":"ImageObject","inLanguage":"pl-PL","@id":"https:\/\/seniorcrafts.nkey.it\/#\/schema\/logo\/image\/","url":"https:\/\/seniorcrafts.nkey.it\/wp-content\/uploads\/2022\/11\/ArITsan-logo.webp","contentUrl":"https:\/\/seniorcrafts.nkey.it\/wp-content\/uploads\/2022\/11\/ArITsan-logo.webp","width":338,"height":210,"caption":"ArITsan"},"image":{"@id":"https:\/\/seniorcrafts.nkey.it\/#\/schema\/logo\/image\/"}}]}},"_links":{"self":[{"href":"https:\/\/seniorcrafts.nkey.it\/pl\/wp-json\/wp\/v2\/pages\/7630","targetHints":{"allow":["GET"]}}],"collection":[{"href":"https:\/\/seniorcrafts.nkey.it\/pl\/wp-json\/wp\/v2\/pages"}],"about":[{"href":"https:\/\/seniorcrafts.nkey.it\/pl\/wp-json\/wp\/v2\/types\/page"}],"author":[{"embeddable":true,"href":"https:\/\/seniorcrafts.nkey.it\/pl\/wp-json\/wp\/v2\/users\/1"}],"replies":[{"embeddable":true,"href":"https:\/\/seniorcrafts.nkey.it\/pl\/wp-json\/wp\/v2\/comments?post=7630"}],"version-history":[{"count":4,"href":"https:\/\/seniorcrafts.nkey.it\/pl\/wp-json\/wp\/v2\/pages\/7630\/revisions"}],"predecessor-version":[{"id":10532,"href":"https:\/\/seniorcrafts.nkey.it\/pl\/wp-json\/wp\/v2\/pages\/7630\/revisions\/10532"}],"wp:attachment":[{"href":"https:\/\/seniorcrafts.nkey.it\/pl\/wp-json\/wp\/v2\/media?parent=7630"}],"curies":[{"name":"wp","href":"https:\/\/api.w.org\/{rel}","templated":true}]}}