{"id":7635,"date":"2023-06-13T14:08:32","date_gmt":"2023-06-13T14:08:32","guid":{"rendered":"https:\/\/seniorcrafts.nkey.it\/about\/"},"modified":"2023-07-13T13:16:59","modified_gmt":"2023-07-13T13:16:59","slug":"about","status":"publish","type":"page","link":"https:\/\/seniorcrafts.nkey.it\/pl\/about\/","title":{"rendered":"O Nas"},"content":{"rendered":"\t\t<div data-elementor-type=\"wp-page\" data-elementor-id=\"7635\" class=\"elementor elementor-7635 elementor-6572\" data-elementor-post-type=\"page\">\n\t\t\t\t<div class=\"elementor-element elementor-element-9f9048c e-flex e-con-boxed e-con e-parent\" data-id=\"9f9048c\" data-element_type=\"container\">\n\t\t\t\t\t<div class=\"e-con-inner\">\n\t\t<div class=\"elementor-element elementor-element-43d1601 e-con-full e-flex e-con e-parent\" data-id=\"43d1601\" data-element_type=\"container\">\n\t\t\t\t<div class=\"elementor-element elementor-element-7085aeb elementor-align-center elementor-widget elementor-widget-lottie\" data-id=\"7085aeb\" data-element_type=\"widget\" data-settings=\"{&quot;source_json&quot;:{&quot;url&quot;:&quot;https:\\\/\\\/assets8.lottiefiles.com\\\/packages\\\/lf20_uqkdufr5.json&quot;,&quot;id&quot;:&quot;&quot;,&quot;size&quot;:&quot;&quot;,&quot;source&quot;:&quot;url&quot;},&quot;end_point&quot;:{&quot;unit&quot;:&quot;%&quot;,&quot;size&quot;:88,&quot;sizes&quot;:[]},&quot;source&quot;:&quot;media_file&quot;,&quot;caption_source&quot;:&quot;none&quot;,&quot;link_to&quot;:&quot;none&quot;,&quot;trigger&quot;:&quot;arriving_to_viewport&quot;,&quot;viewport&quot;:{&quot;unit&quot;:&quot;%&quot;,&quot;size&quot;:&quot;&quot;,&quot;sizes&quot;:{&quot;start&quot;:0,&quot;end&quot;:100}},&quot;play_speed&quot;:{&quot;unit&quot;:&quot;px&quot;,&quot;size&quot;:1,&quot;sizes&quot;:[]},&quot;start_point&quot;:{&quot;unit&quot;:&quot;%&quot;,&quot;size&quot;:0,&quot;sizes&quot;:[]},&quot;renderer&quot;:&quot;svg&quot;}\" data-widget_type=\"lottie.default\">\n\t\t\t\t<div class=\"elementor-widget-container\">\n\t\t\t\t\t<div class=\"e-lottie__container\"><div class=\"e-lottie__animation\"><\/div><\/div>\t\t\t\t<\/div>\n\t\t\t\t<\/div>\n\t\t\t\t<\/div>\n\t\t<div class=\"elementor-element elementor-element-52c71b1 e-con-full e-flex e-con e-parent\" data-id=\"52c71b1\" data-element_type=\"container\">\n\t\t\t\t<div class=\"elementor-element elementor-element-70eb7a2 elementor-widget elementor-widget-heading\" data-id=\"70eb7a2\" data-element_type=\"widget\" data-widget_type=\"heading.default\">\n\t\t\t\t<div class=\"elementor-widget-container\">\n\t\t\t\t\t<h2 class=\"elementor-heading-title elementor-size-default\">O Nas<\/h2>\t\t\t\t<\/div>\n\t\t\t\t<\/div>\n\t\t\t\t<div class=\"elementor-element elementor-element-77c68ac elementor-widget elementor-widget-text-editor\" data-id=\"77c68ac\" data-element_type=\"widget\" data-widget_type=\"text-editor.default\">\n\t\t\t\t<div class=\"elementor-widget-container\">\n\t\t\t\t\t\t\t\t\t<p>ArITsan to projekt Erasmus+ finansowany przez Uni\u0119 Europejsk\u0105. Jest koordynowany przez rumu\u0144skie stowarzyszenie Asociatia ProXpert i obejmuje 6 innych kraj\u00f3w europejskich wsp\u00f3\u0142pracuj\u0105cych ze sob\u0105, aby dotrze\u0107 do starszych rzemie\u015blnik\u00f3w, kt\u00f3rzy chc\u0105 poprawi\u0107 swoje umiej\u0119tno\u015bci cyfrowe i przedsi\u0119biorcze, w celu zachowania istnienia i sukcesu tradycyjnego rzemios\u0142a.<\/p>\n<p>Aby dowiedzie\u0107 si\u0119 wi\u0119cej o projekcie i zapozna\u0107 si\u0119 z jego wynikami, odwied\u017a stron\u0119 internetow\u0105 projektu.<\/p>\n\t\t\t\t\t\t\t\t<\/div>\n\t\t\t\t<\/div>\n\t\t\t\t<div class=\"elementor-element elementor-element-4ed4445 elementor-align-left elementor-widget elementor-widget-button\" data-id=\"4ed4445\" data-element_type=\"widget\" data-widget_type=\"button.default\">\n\t\t\t\t<div class=\"elementor-widget-container\">\n\t\t\t\t\t\t\t\t\t<div class=\"elementor-button-wrapper\">\n\t\t\t\t\t<a class=\"elementor-button elementor-button-link elementor-size-sm\" href=\"https:\/\/ar-its-an.org\/\" target=\"_blank\">\n\t\t\t\t\t\t<span class=\"elementor-button-content-wrapper\">\n\t\t\t\t\t\t\t\t\t<span class=\"elementor-button-text\">ODWIED\u0179 STRON\u0118 PROJEKTU<\/span>\n\t\t\t\t\t<\/span>\n\t\t\t\t\t<\/a>\n\t\t\t\t<\/div>\n\t\t\t\t\t\t\t\t<\/div>\n\t\t\t\t<\/div>\n\t\t\t\t<\/div>\n\t\t\t\t\t<\/div>\n\t\t\t\t<\/div>\n\t\t\t\t<\/div>\n\t\t","protected":false},"excerpt":{"rendered":"<p>O Nas ArITsan to projekt Erasmus+ finansowany przez Uni\u0119 Europejsk\u0105. Jest koordynowany przez rumu\u0144skie stowarzyszenie Asociatia ProXpert i obejmuje 6 innych kraj\u00f3w europejskich wsp\u00f3\u0142pracuj\u0105cych ze sob\u0105, aby dotrze\u0107 do starszych rzemie\u015blnik\u00f3w, kt\u00f3rzy chc\u0105 poprawi\u0107 swoje umiej\u0119tno\u015bci cyfrowe i przedsi\u0119biorcze, w celu zachowania istnienia i sukcesu tradycyjnego rzemios\u0142a. Aby dowiedzie\u0107 si\u0119 wi\u0119cej o projekcie i zapozna\u0107 [&hellip;]<\/p>\n","protected":false},"author":1,"featured_media":0,"parent":0,"menu_order":0,"comment_status":"closed","ping_status":"closed","template":"","meta":{"_acf_changed":false,"footnotes":""},"class_list":["post-7635","page","type-page","status-publish","hentry"],"acf":[],"yoast_head":"<!-- This site is optimized with the Yoast SEO plugin v25.2 - https:\/\/yoast.com\/wordpress\/plugins\/seo\/ -->\n<title>O Nas - ArITsan<\/title>\n<meta name=\"robots\" content=\"index, follow, max-snippet:-1, max-image-preview:large, max-video-preview:-1\" \/>\n<link rel=\"canonical\" href=\"https:\/\/seniorcrafts.nkey.it\/pl\/about\/\" \/>\n<meta property=\"og:locale\" content=\"pl_PL\" \/>\n<meta property=\"og:type\" content=\"article\" \/>\n<meta property=\"og:title\" content=\"O Nas - ArITsan\" \/>\n<meta property=\"og:description\" content=\"O Nas ArITsan to projekt Erasmus+ finansowany przez Uni\u0119 Europejsk\u0105. Jest koordynowany przez rumu\u0144skie stowarzyszenie Asociatia ProXpert i obejmuje 6 innych kraj\u00f3w europejskich wsp\u00f3\u0142pracuj\u0105cych ze sob\u0105, aby dotrze\u0107 do starszych rzemie\u015blnik\u00f3w, kt\u00f3rzy chc\u0105 poprawi\u0107 swoje umiej\u0119tno\u015bci cyfrowe i przedsi\u0119biorcze, w celu zachowania istnienia i sukcesu tradycyjnego rzemios\u0142a. Aby dowiedzie\u0107 si\u0119 wi\u0119cej o projekcie i zapozna\u0107 [&hellip;]\" \/>\n<meta property=\"og:url\" content=\"https:\/\/seniorcrafts.nkey.it\/pl\/about\/\" \/>\n<meta property=\"og:site_name\" content=\"ArITsan\" \/>\n<meta property=\"article:modified_time\" content=\"2023-07-13T13:16:59+00:00\" \/>\n<meta name=\"twitter:card\" content=\"summary_large_image\" \/>\n<script type=\"application\/ld+json\" class=\"yoast-schema-graph\">{\"@context\":\"https:\/\/schema.org\",\"@graph\":[{\"@type\":\"WebPage\",\"@id\":\"https:\/\/seniorcrafts.nkey.it\/pl\/about\/\",\"url\":\"https:\/\/seniorcrafts.nkey.it\/pl\/about\/\",\"name\":\"O Nas - ArITsan\",\"isPartOf\":{\"@id\":\"https:\/\/seniorcrafts.nkey.it\/#website\"},\"datePublished\":\"2023-06-13T14:08:32+00:00\",\"dateModified\":\"2023-07-13T13:16:59+00:00\",\"breadcrumb\":{\"@id\":\"https:\/\/seniorcrafts.nkey.it\/pl\/about\/#breadcrumb\"},\"inLanguage\":\"pl-PL\",\"potentialAction\":[{\"@type\":\"ReadAction\",\"target\":[\"https:\/\/seniorcrafts.nkey.it\/pl\/about\/\"]}]},{\"@type\":\"BreadcrumbList\",\"@id\":\"https:\/\/seniorcrafts.nkey.it\/pl\/about\/#breadcrumb\",\"itemListElement\":[{\"@type\":\"ListItem\",\"position\":1,\"name\":\"Home\",\"item\":\"https:\/\/seniorcrafts.nkey.it\/\"},{\"@type\":\"ListItem\",\"position\":2,\"name\":\"O Nas\"}]},{\"@type\":\"WebSite\",\"@id\":\"https:\/\/seniorcrafts.nkey.it\/#website\",\"url\":\"https:\/\/seniorcrafts.nkey.it\/\",\"name\":\"ArITsan\",\"description\":\"Tell your story and promote your craft on the ArITsan digital archive.\",\"publisher\":{\"@id\":\"https:\/\/seniorcrafts.nkey.it\/#organization\"},\"alternateName\":\"ArITsan digital archive\",\"potentialAction\":[{\"@type\":\"SearchAction\",\"target\":{\"@type\":\"EntryPoint\",\"urlTemplate\":\"https:\/\/seniorcrafts.nkey.it\/?s={search_term_string}\"},\"query-input\":{\"@type\":\"PropertyValueSpecification\",\"valueRequired\":true,\"valueName\":\"search_term_string\"}}],\"inLanguage\":\"pl-PL\"},{\"@type\":\"Organization\",\"@id\":\"https:\/\/seniorcrafts.nkey.it\/#organization\",\"name\":\"ArITsan\",\"url\":\"https:\/\/seniorcrafts.nkey.it\/\",\"logo\":{\"@type\":\"ImageObject\",\"inLanguage\":\"pl-PL\",\"@id\":\"https:\/\/seniorcrafts.nkey.it\/#\/schema\/logo\/image\/\",\"url\":\"https:\/\/seniorcrafts.nkey.it\/wp-content\/uploads\/2022\/11\/ArITsan-logo.webp\",\"contentUrl\":\"https:\/\/seniorcrafts.nkey.it\/wp-content\/uploads\/2022\/11\/ArITsan-logo.webp\",\"width\":338,\"height\":210,\"caption\":\"ArITsan\"},\"image\":{\"@id\":\"https:\/\/seniorcrafts.nkey.it\/#\/schema\/logo\/image\/\"}}]}<\/script>\n<!-- \/ Yoast SEO plugin. -->","yoast_head_json":{"title":"O Nas - ArITsan","robots":{"index":"index","follow":"follow","max-snippet":"max-snippet:-1","max-image-preview":"max-image-preview:large","max-video-preview":"max-video-preview:-1"},"canonical":"https:\/\/seniorcrafts.nkey.it\/pl\/about\/","og_locale":"pl_PL","og_type":"article","og_title":"O Nas - ArITsan","og_description":"O Nas ArITsan to projekt Erasmus+ finansowany przez Uni\u0119 Europejsk\u0105. Jest koordynowany przez rumu\u0144skie stowarzyszenie Asociatia ProXpert i obejmuje 6 innych kraj\u00f3w europejskich wsp\u00f3\u0142pracuj\u0105cych ze sob\u0105, aby dotrze\u0107 do starszych rzemie\u015blnik\u00f3w, kt\u00f3rzy chc\u0105 poprawi\u0107 swoje umiej\u0119tno\u015bci cyfrowe i przedsi\u0119biorcze, w celu zachowania istnienia i sukcesu tradycyjnego rzemios\u0142a. Aby dowiedzie\u0107 si\u0119 wi\u0119cej o projekcie i zapozna\u0107 [&hellip;]","og_url":"https:\/\/seniorcrafts.nkey.it\/pl\/about\/","og_site_name":"ArITsan","article_modified_time":"2023-07-13T13:16:59+00:00","twitter_card":"summary_large_image","schema":{"@context":"https:\/\/schema.org","@graph":[{"@type":"WebPage","@id":"https:\/\/seniorcrafts.nkey.it\/pl\/about\/","url":"https:\/\/seniorcrafts.nkey.it\/pl\/about\/","name":"O Nas - ArITsan","isPartOf":{"@id":"https:\/\/seniorcrafts.nkey.it\/#website"},"datePublished":"2023-06-13T14:08:32+00:00","dateModified":"2023-07-13T13:16:59+00:00","breadcrumb":{"@id":"https:\/\/seniorcrafts.nkey.it\/pl\/about\/#breadcrumb"},"inLanguage":"pl-PL","potentialAction":[{"@type":"ReadAction","target":["https:\/\/seniorcrafts.nkey.it\/pl\/about\/"]}]},{"@type":"BreadcrumbList","@id":"https:\/\/seniorcrafts.nkey.it\/pl\/about\/#breadcrumb","itemListElement":[{"@type":"ListItem","position":1,"name":"Home","item":"https:\/\/seniorcrafts.nkey.it\/"},{"@type":"ListItem","position":2,"name":"O Nas"}]},{"@type":"WebSite","@id":"https:\/\/seniorcrafts.nkey.it\/#website","url":"https:\/\/seniorcrafts.nkey.it\/","name":"ArITsan","description":"Tell your story and promote your craft on the ArITsan digital archive.","publisher":{"@id":"https:\/\/seniorcrafts.nkey.it\/#organization"},"alternateName":"ArITsan digital archive","potentialAction":[{"@type":"SearchAction","target":{"@type":"EntryPoint","urlTemplate":"https:\/\/seniorcrafts.nkey.it\/?s={search_term_string}"},"query-input":{"@type":"PropertyValueSpecification","valueRequired":true,"valueName":"search_term_string"}}],"inLanguage":"pl-PL"},{"@type":"Organization","@id":"https:\/\/seniorcrafts.nkey.it\/#organization","name":"ArITsan","url":"https:\/\/seniorcrafts.nkey.it\/","logo":{"@type":"ImageObject","inLanguage":"pl-PL","@id":"https:\/\/seniorcrafts.nkey.it\/#\/schema\/logo\/image\/","url":"https:\/\/seniorcrafts.nkey.it\/wp-content\/uploads\/2022\/11\/ArITsan-logo.webp","contentUrl":"https:\/\/seniorcrafts.nkey.it\/wp-content\/uploads\/2022\/11\/ArITsan-logo.webp","width":338,"height":210,"caption":"ArITsan"},"image":{"@id":"https:\/\/seniorcrafts.nkey.it\/#\/schema\/logo\/image\/"}}]}},"_links":{"self":[{"href":"https:\/\/seniorcrafts.nkey.it\/pl\/wp-json\/wp\/v2\/pages\/7635","targetHints":{"allow":["GET"]}}],"collection":[{"href":"https:\/\/seniorcrafts.nkey.it\/pl\/wp-json\/wp\/v2\/pages"}],"about":[{"href":"https:\/\/seniorcrafts.nkey.it\/pl\/wp-json\/wp\/v2\/types\/page"}],"author":[{"embeddable":true,"href":"https:\/\/seniorcrafts.nkey.it\/pl\/wp-json\/wp\/v2\/users\/1"}],"replies":[{"embeddable":true,"href":"https:\/\/seniorcrafts.nkey.it\/pl\/wp-json\/wp\/v2\/comments?post=7635"}],"version-history":[{"count":2,"href":"https:\/\/seniorcrafts.nkey.it\/pl\/wp-json\/wp\/v2\/pages\/7635\/revisions"}],"predecessor-version":[{"id":10534,"href":"https:\/\/seniorcrafts.nkey.it\/pl\/wp-json\/wp\/v2\/pages\/7635\/revisions\/10534"}],"wp:attachment":[{"href":"https:\/\/seniorcrafts.nkey.it\/pl\/wp-json\/wp\/v2\/media?parent=7635"}],"curies":[{"name":"wp","href":"https:\/\/api.w.org\/{rel}","templated":true}]}}